{"id":248,"date":"2025-04-30T08:29:55","date_gmt":"2025-04-30T08:29:55","guid":{"rendered":"https:\/\/antoniohierro.com\/?page_id=248"},"modified":"2025-06-10T11:45:44","modified_gmt":"2025-06-10T11:45:44","slug":"family-celebrations","status":"publish","type":"page","link":"https:\/\/antoniohierro.com\/pt\/family-celebrations\/","title":{"rendered":"Ant\u00f3nio Hierro &#8211; Family Celebrations"},"content":{"rendered":"<div data-elementor-type=\"wp-page\" data-elementor-id=\"248\" class=\"elementor elementor-248\">\n\t\t\t\t\t\t<section class=\"elementor-section elementor-top-section elementor-element elementor-element-a7bd396 elementor-section-full_width elementor-section-height-min-height elementor-section-height-default elementor-section-items-middle\" data-id=\"a7bd396\" data-element_type=\"section\">\n\t\t\t\t\t\t<div class=\"elementor-container elementor-column-gap-no\">\n\t\t\t\t\t<div class=\"elementor-column elementor-col-100 elementor-top-column elementor-element elementor-element-4bce8db\" data-id=\"4bce8db\" data-element_type=\"column\">\n\t\t\t<div class=\"elementor-widget-wrap elementor-element-populated\">\n\t\t\t\t\t\t<section class=\"elementor-section elementor-inner-section elementor-element elementor-element-d3725b6 elementor-section-boxed elementor-section-height-default elementor-section-height-default\" data-id=\"d3725b6\" data-element_type=\"section\">\n\t\t\t\t\t\t<div class=\"elementor-container elementor-column-gap-default\">\n\t\t\t\t\t<div class=\"elementor-column elementor-col-100 elementor-inner-column elementor-element elementor-element-5b48fee\" data-id=\"5b48fee\" data-element_type=\"column\">\n\t\t\t<div class=\"elementor-widget-wrap elementor-element-populated\">\n\t\t\t\t\t\t<div class=\"elementor-element elementor-element-de3c2ca elementor-invisible elementor-widget elementor-widget-heading\" data-id=\"de3c2ca\" data-element_type=\"widget\" data-settings=\"{&quot;_animation&quot;:&quot;fadeInUp&quot;}\" data-widget_type=\"heading.default\">\n\t\t\t\t<div class=\"elementor-widget-container\">\n\t\t\t\t\t<h1 class=\"elementor-heading-title elementor-size-default\">Celebra\u00e7\u00f5es e Reuni\u00f5es Familiares em Portugal<\/h1>\t\t\t\t<\/div>\n\t\t\t\t<\/div>\n\t\t\t\t<div class=\"elementor-element elementor-element-a2ffaa4 elementor-invisible elementor-widget elementor-widget-heading\" data-id=\"a2ffaa4\" data-element_type=\"widget\" data-settings=\"{&quot;_animation&quot;:&quot;fadeInUp&quot;}\" data-widget_type=\"heading.default\">\n\t\t\t\t<div class=\"elementor-widget-container\">\n\t\t\t\t\t<p class=\"elementor-heading-title elementor-size-default\">Os eventos familiares s\u00e3o sobre liga\u00e7\u00e3o \u2014 celebrar os marcos da vida com as pessoas que mais importam. Quer esteja a planear um reencontro, um anivers\u00e1rio especial ou uma celebra\u00e7\u00e3o privada, estou aqui para o ajudar a criar uma experi\u00eancia memor\u00e1vel e sem preocupa\u00e7\u00f5es em Portugal.\n\nCom mais de 50 encontros familiares organizados, compreendo como equilibrar emo\u00e7\u00e3o, log\u00edstica e detalhe \u2014 para que se possa focar em desfrutar do momento.<\/p>\t\t\t\t<\/div>\n\t\t\t\t<\/div>\n\t\t\t\t<div class=\"elementor-element elementor-element-9bc3076 elementor-align-center elementor-widget elementor-widget-button\" data-id=\"9bc3076\" data-element_type=\"widget\" data-widget_type=\"button.default\">\n\t\t\t\t<div class=\"elementor-widget-container\">\n\t\t\t\t\t\t\t\t\t<div class=\"elementor-button-wrapper\">\n\t\t\t\t\t<a class=\"elementor-button elementor-button-link elementor-size-sm\" href=\"\/pt\/contact\/\">\n\t\t\t\t\t\t<span class=\"elementor-button-content-wrapper\">\n\t\t\t\t\t\t\t\t\t<span class=\"elementor-button-text\">Entre em contacto<\/span>\n\t\t\t\t\t<\/span>\n\t\t\t\t\t<\/a>\n\t\t\t\t<\/div>\n\t\t\t\t\t\t\t\t<\/div>\n\t\t\t\t<\/div>\n\t\t\t\t\t<\/div>\n\t\t<\/div>\n\t\t\t\t\t<\/div>\n\t\t<\/section>\n\t\t\t\t\t<\/div>\n\t\t<\/div>\n\t\t\t\t\t<\/div>\n\t\t<\/section>\n\t\t\t\t<section class=\"elementor-section elementor-top-section elementor-element elementor-element-901951e elementor-section-boxed elementor-section-height-default elementor-section-height-default\" data-id=\"901951e\" data-element_type=\"section\">\n\t\t\t\t\t\t<div class=\"elementor-container elementor-column-gap-no\">\n\t\t\t\t\t<div class=\"elementor-column elementor-col-100 elementor-top-column elementor-element elementor-element-c9a16dc\" data-id=\"c9a16dc\" data-element_type=\"column\">\n\t\t\t<div class=\"elementor-widget-wrap elementor-element-populated\">\n\t\t\t\t\t\t<section class=\"elementor-section elementor-inner-section elementor-element elementor-element-0ac1a4a elementor-section-boxed elementor-section-height-default elementor-section-height-default\" data-id=\"0ac1a4a\" data-element_type=\"section\">\n\t\t\t\t\t\t<div class=\"elementor-container elementor-column-gap-default\">\n\t\t\t\t\t<div class=\"elementor-column elementor-col-100 elementor-inner-column elementor-element elementor-element-b36eb8e\" data-id=\"b36eb8e\" data-element_type=\"column\">\n\t\t\t<div class=\"elementor-widget-wrap elementor-element-populated\">\n\t\t\t\t\t\t<div class=\"elementor-element elementor-element-f22c9c9 elementor-invisible elementor-widget elementor-widget-heading\" data-id=\"f22c9c9\" data-element_type=\"widget\" data-settings=\"{&quot;_animation&quot;:&quot;fadeInUp&quot;}\" data-widget_type=\"heading.default\">\n\t\t\t\t<div class=\"elementor-widget-container\">\n\t\t\t\t\t<h2 class=\"elementor-heading-title elementor-size-default\">Servi\u00e7os para Eventos Familiares<\/h2>\t\t\t\t<\/div>\n\t\t\t\t<\/div>\n\t\t\t\t<div class=\"elementor-element elementor-element-a47ae1c elementor-widget__width-auto elementor-invisible elementor-widget elementor-widget-heading\" data-id=\"a47ae1c\" data-element_type=\"widget\" data-settings=\"{&quot;_animation&quot;:&quot;fadeInUp&quot;}\" data-widget_type=\"heading.default\">\n\t\t\t\t<div class=\"elementor-widget-container\">\n\t\t\t\t\t<p class=\"elementor-heading-title elementor-size-default\">Ideal para fam\u00edlias a viver no estrangeiro que procuram apoio na organiza\u00e7\u00e3o da sua celebra\u00e7\u00e3o em Portugal.\n\nFa\u00e7o a gest\u00e3o de toda a log\u00edstica, recomendo fornecedores de confian\u00e7a e coordeno tudo no dia do evento.<\/p>\t\t\t\t<\/div>\n\t\t\t\t<\/div>\n\t\t<div class=\"elementor-element elementor-element-7c85179 e-grid e-con-boxed e-con e-parent\" data-id=\"7c85179\" data-element_type=\"container\">\n\t\t\t\t\t<div class=\"e-con-inner\">\n\t\t\t\t<div class=\"elementor-element elementor-element-e554979 elementor-widget elementor-widget-image\" data-id=\"e554979\" data-element_type=\"widget\" data-widget_type=\"image.default\">\n\t\t\t\t<div class=\"elementor-widget-container\">\n\t\t\t\t\t\t\t\t\t\t\t\t\t\t\t<img fetchpriority=\"high\" decoding=\"async\" width=\"800\" height=\"600\" src=\"https:\/\/antoniohierro.com\/wp-content\/uploads\/2025\/05\/4-1024x768.png\" class=\"attachment-large size-large wp-image-297\" alt=\"\" srcset=\"https:\/\/antoniohierro.com\/wp-content\/uploads\/2025\/05\/4-1024x768.png 1024w, https:\/\/antoniohierro.com\/wp-content\/uploads\/2025\/05\/4-300x225.png 300w, https:\/\/antoniohierro.com\/wp-content\/uploads\/2025\/05\/4-768x576.png 768w, https:\/\/antoniohierro.com\/wp-content\/uploads\/2025\/05\/4.png 1440w\" sizes=\"(max-width: 800px) 100vw, 800px\" \/>\t\t\t\t\t\t\t\t\t\t\t\t\t\t\t<\/div>\n\t\t\t\t<\/div>\n\t\t\t\t<div class=\"elementor-element elementor-element-d5a30e7 elementor-widget elementor-widget-image\" data-id=\"d5a30e7\" data-element_type=\"widget\" data-widget_type=\"image.default\">\n\t\t\t\t<div class=\"elementor-widget-container\">\n\t\t\t\t\t\t\t\t\t\t\t\t\t\t\t<img decoding=\"async\" width=\"800\" height=\"600\" src=\"https:\/\/antoniohierro.com\/wp-content\/uploads\/2025\/05\/Design-sem-nome-97-1024x768.png\" class=\"attachment-large size-large wp-image-373\" alt=\"\" srcset=\"https:\/\/antoniohierro.com\/wp-content\/uploads\/2025\/05\/Design-sem-nome-97-1024x768.png 1024w, https:\/\/antoniohierro.com\/wp-content\/uploads\/2025\/05\/Design-sem-nome-97-300x225.png 300w, https:\/\/antoniohierro.com\/wp-content\/uploads\/2025\/05\/Design-sem-nome-97-768x576.png 768w, https:\/\/antoniohierro.com\/wp-content\/uploads\/2025\/05\/Design-sem-nome-97.png 1440w\" sizes=\"(max-width: 800px) 100vw, 800px\" \/>\t\t\t\t\t\t\t\t\t\t\t\t\t\t\t<\/div>\n\t\t\t\t<\/div>\n\t\t\t\t\t<\/div>\n\t\t\t\t<\/div>\n\t\t\t\t\t<\/div>\n\t\t<\/div>\n\t\t\t\t\t<\/div>\n\t\t<\/section>\n\t\t\t\t\t<\/div>\n\t\t<\/div>\n\t\t\t\t\t<\/div>\n\t\t<\/section>\n\t\t\t\t<\/div>","protected":false},"excerpt":{"rendered":"<p>Family Celebrations &amp; Gatherings in Portugal Family events are about connection \u2014 celebrating life\u2019s milestones with the people who matter most. Whether you&#8217;re planning a reunion, a milestone birthday, or a private celebration, I\u2019m here to help you create a memorable and stress-free experience in Portugal. With over 50 family gatherings organized, I understand how [&hellip;]<\/p>","protected":false},"author":1,"featured_media":0,"parent":0,"menu_order":0,"comment_status":"closed","ping_status":"closed","template":"","meta":{"footnotes":""},"class_list":["post-248","page","type-page","status-publish","hentry"],"_links":{"self":[{"href":"https:\/\/antoniohierro.com\/pt\/wp-json\/wp\/v2\/pages\/248","targetHints":{"allow":["GET"]}}],"collection":[{"href":"https:\/\/antoniohierro.com\/pt\/wp-json\/wp\/v2\/pages"}],"about":[{"href":"https:\/\/antoniohierro.com\/pt\/wp-json\/wp\/v2\/types\/page"}],"author":[{"embeddable":true,"href":"https:\/\/antoniohierro.com\/pt\/wp-json\/wp\/v2\/users\/1"}],"replies":[{"embeddable":true,"href":"https:\/\/antoniohierro.com\/pt\/wp-json\/wp\/v2\/comments?post=248"}],"version-history":[{"count":13,"href":"https:\/\/antoniohierro.com\/pt\/wp-json\/wp\/v2\/pages\/248\/revisions"}],"predecessor-version":[{"id":486,"href":"https:\/\/antoniohierro.com\/pt\/wp-json\/wp\/v2\/pages\/248\/revisions\/486"}],"wp:attachment":[{"href":"https:\/\/antoniohierro.com\/pt\/wp-json\/wp\/v2\/media?parent=248"}],"curies":[{"name":"wp","href":"https:\/\/api.w.org\/{rel}","templated":true}]}}